{"id":15,"date":"2016-05-24T14:23:42","date_gmt":"2016-05-24T17:23:42","guid":{"rendered":"http:\/\/www.quatrinvest.com.br\/site\/?page_id=15"},"modified":"2023-11-02T19:08:06","modified_gmt":"2023-11-02T21:08:06","slug":"docs","status":"publish","type":"page","link":"https:\/\/www.quatrinvest.com.br\/site\/docs\/","title":{"rendered":"Documentos"},"content":{"rendered":"\n<p>Em atendimento \u00e0 legisla\u00e7\u00e3o vigente, a Quatrinvest disponibiliza documentos para consulta. <\/p>\n\n\n\n<!--more-->\n\n\n\n<p>Para visualizar os documentos, solicite sua senha de acesso por meio do bot\u00e3o abaixo e informe o documento que deseja visualizar.<\/p>\n\n\n\n<div class=\"wp-block-columns has-2-columns is-layout-flex wp-container-core-columns-is-layout-9d6595d7 wp-block-columns-is-layout-flex\">\n<div class=\"wp-block-column is-layout-flow wp-block-column-is-layout-flow\">\n<div class=\"wp-block-image\"><figure class=\"aligncenter size-large is-resized\"><img loading=\"lazy\" decoding=\"async\" src=\"https:\/\/www.quatrinvest.com.br\/site\/wp-content\/uploads\/2023\/11\/CondutaEticaConfid-2023.png\" alt=\"\" class=\"wp-image-430\" width=\"176\" height=\"250\" srcset=\"https:\/\/www.quatrinvest.com.br\/site\/wp-content\/uploads\/2023\/11\/CondutaEticaConfid-2023.png 589w, https:\/\/www.quatrinvest.com.br\/site\/wp-content\/uploads\/2023\/11\/CondutaEticaConfid-2023-211x300.png 211w\" sizes=\"auto, (max-width: 176px) 100vw, 176px\" \/><figcaption>C\u00f3digo de Conduta, \u00c9tica e Confidencialidade<\/figcaption><\/figure><\/div>\n\n\n\n<div class=\"wp-block-image\"><figure class=\"aligncenter size-large is-resized\"><img loading=\"lazy\" decoding=\"async\" src=\"https:\/\/www.quatrinvest.com.br\/site\/wp-content\/uploads\/2023\/11\/Compliance-2023.png\" alt=\"\" class=\"wp-image-429\" width=\"177\" height=\"250\" srcset=\"https:\/\/www.quatrinvest.com.br\/site\/wp-content\/uploads\/2023\/11\/Compliance-2023.png 591w, https:\/\/www.quatrinvest.com.br\/site\/wp-content\/uploads\/2023\/11\/Compliance-2023-212x300.png 212w\" sizes=\"auto, (max-width: 177px) 100vw, 177px\" \/><figcaption>Manual de Compliance e Controles<\/figcaption><\/figure><\/div>\n\n\n\n<div class=\"wp-block-image\"><figure class=\"aligncenter is-resized\"><a href=\"http:\/\/www.quatrinvest.com.br\/site\/docs\/gestao-riscos-cvm558\/\"><img loading=\"lazy\" decoding=\"async\" src=\"http:\/\/www.quatrinvest.com.br\/site\/wp-content\/uploads\/2020\/04\/cover_riscos_jan2020.jpg\" alt=\"\" class=\"wp-image-325\" width=\"177\" height=\"250\" srcset=\"https:\/\/www.quatrinvest.com.br\/site\/wp-content\/uploads\/2020\/04\/cover_riscos_jan2020.jpg 353w, https:\/\/www.quatrinvest.com.br\/site\/wp-content\/uploads\/2020\/04\/cover_riscos_jan2020-212x300.jpg 212w\" sizes=\"auto, (max-width: 177px) 100vw, 177px\" \/><\/a><figcaption>Pol\u00edtica de Gest\u00e3o de Riscos<\/figcaption><\/figure><\/div>\n\n\n\n<div class=\"wp-block-image\"><figure class=\"aligncenter size-large is-resized\"><img loading=\"lazy\" decoding=\"async\" src=\"https:\/\/www.quatrinvest.com.br\/site\/wp-content\/uploads\/2023\/11\/InvestPessoais-2023.png\" alt=\"\" class=\"wp-image-431\" width=\"176\" height=\"250\" srcset=\"https:\/\/www.quatrinvest.com.br\/site\/wp-content\/uploads\/2023\/11\/InvestPessoais-2023.png 588w, https:\/\/www.quatrinvest.com.br\/site\/wp-content\/uploads\/2023\/11\/InvestPessoais-2023-212x300.png 212w\" sizes=\"auto, (max-width: 176px) 100vw, 176px\" \/><figcaption>Pol\u00edtica de <br>Investimentos Pessoais<\/figcaption><\/figure><\/div>\n\n\n\n<div class=\"wp-block-image\"><figure class=\"aligncenter is-resized\"><a href=\"http:\/\/www.quatrinvest.com.br\/site\/docs\/politica-para-ativos-imobiliarios-cvm558\/\"><img loading=\"lazy\" decoding=\"async\" src=\"http:\/\/www.quatrinvest.com.br\/site\/wp-content\/uploads\/2020\/04\/cover_imobi_jan2020.jpg\" alt=\"\" class=\"wp-image-320\" width=\"177\" height=\"250\" srcset=\"https:\/\/www.quatrinvest.com.br\/site\/wp-content\/uploads\/2020\/04\/cover_imobi_jan2020.jpg 353w, https:\/\/www.quatrinvest.com.br\/site\/wp-content\/uploads\/2020\/04\/cover_imobi_jan2020-212x300.jpg 212w\" sizes=\"auto, (max-width: 177px) 100vw, 177px\" \/><\/a><figcaption>Pol\u00edtica de An\u00e1lise de Ativos Imobili\u00e1rios<\/figcaption><\/figure><\/div>\n\n\n\n<div class=\"wp-block-image\"><figure class=\"aligncenter size-large is-resized\"><a href=\"http:\/\/www.quatrinvest.com.br\/site\/docs\/anticorrupcao\/\"><img loading=\"lazy\" decoding=\"async\" src=\"http:\/\/www.quatrinvest.com.br\/site\/wp-content\/uploads\/2020\/10\/cover_anticorrupcao_out2020_1.jpg\" alt=\"\" class=\"wp-image-349\" width=\"177\" height=\"250\" srcset=\"https:\/\/www.quatrinvest.com.br\/site\/wp-content\/uploads\/2020\/10\/cover_anticorrupcao_out2020_1.jpg 353w, https:\/\/www.quatrinvest.com.br\/site\/wp-content\/uploads\/2020\/10\/cover_anticorrupcao_out2020_1-212x300.jpg 212w\" sizes=\"auto, (max-width: 177px) 100vw, 177px\" \/><\/a><figcaption>Manual de Combate \u00e0 Lavagem de Dinheiro, Financiamento <br>ao Terrorismo e <br>Pol\u00edtica Anticorrup\u00e7\u00e3o<\/figcaption><\/figure><\/div>\n\n\n\n<div class=\"wp-block-image\"><figure class=\"aligncenter size-large is-resized\"><a href=\"https:\/\/www.quatrinvest.com.br\/site\/manual-de-controle-de-liquidez\/\"><img loading=\"lazy\" decoding=\"async\" src=\"https:\/\/www.quatrinvest.com.br\/site\/wp-content\/uploads\/2023\/11\/liquidez.png\" alt=\"\" class=\"wp-image-421\" width=\"176\" height=\"250\" srcset=\"https:\/\/www.quatrinvest.com.br\/site\/wp-content\/uploads\/2023\/11\/liquidez.png 588w, https:\/\/www.quatrinvest.com.br\/site\/wp-content\/uploads\/2023\/11\/liquidez-211x300.png 211w\" sizes=\"auto, (max-width: 176px) 100vw, 176px\" \/><\/a><figcaption>Manual de Controle de Liquidez<\/figcaption><\/figure><\/div>\n<\/div>\n\n\n\n<div class=\"wp-block-column is-layout-flow wp-block-column-is-layout-flow\">\n<div class=\"wp-block-image\"><figure class=\"aligncenter is-resized\"><a href=\"http:\/\/www.quatrinvest.com.br\/site\/docs\/ref-pj-cvm588\/\"><img loading=\"lazy\" decoding=\"async\" src=\"http:\/\/www.quatrinvest.com.br\/site\/wp-content\/uploads\/2020\/04\/cover_ref_jan2020.jpg\" alt=\"\" class=\"wp-image-324\" width=\"177\" height=\"250\" srcset=\"https:\/\/www.quatrinvest.com.br\/site\/wp-content\/uploads\/2020\/04\/cover_ref_jan2020.jpg 353w, https:\/\/www.quatrinvest.com.br\/site\/wp-content\/uploads\/2020\/04\/cover_ref_jan2020-212x300.jpg 212w\" sizes=\"auto, (max-width: 177px) 100vw, 177px\" \/><\/a><figcaption>Formul\u00e1rio de Refer\u00eancia \u2013 PJ<\/figcaption><\/figure><\/div>\n\n\n\n<div class=\"wp-block-image\"><figure class=\"aligncenter size-large is-resized\"><img loading=\"lazy\" decoding=\"async\" src=\"https:\/\/www.quatrinvest.com.br\/site\/wp-content\/uploads\/2023\/11\/Voto-2023.png\" alt=\"\" class=\"wp-image-427\" width=\"183\" height=\"250\" srcset=\"https:\/\/www.quatrinvest.com.br\/site\/wp-content\/uploads\/2023\/11\/Voto-2023.png 589w, https:\/\/www.quatrinvest.com.br\/site\/wp-content\/uploads\/2023\/11\/Voto-2023-220x300.png 220w\" sizes=\"auto, (max-width: 183px) 100vw, 183px\" \/><figcaption>Pol\u00edtica de Exerc\u00edcio <br>de Voto<\/figcaption><\/figure><\/div>\n\n\n\n<div class=\"wp-block-image\"><figure class=\"aligncenter size-large is-resized\"><img loading=\"lazy\" decoding=\"async\" src=\"https:\/\/www.quatrinvest.com.br\/site\/wp-content\/uploads\/2023\/11\/RateioOrdens-2023.png\" alt=\"\" class=\"wp-image-432\" width=\"175\" height=\"250\"\/><figcaption>Rateio de Ordens<\/figcaption><\/figure><\/div>\n\n\n\n<div class=\"wp-block-image\"><figure class=\"aligncenter is-resized\"><a href=\"http:\/\/www.quatrinvest.com.br\/site\/docs\/terceiros\/\"><img loading=\"lazy\" decoding=\"async\" src=\"http:\/\/www.quatrinvest.com.br\/site\/wp-content\/uploads\/2020\/04\/cover_terc_jan2020.jpg\" alt=\"\" class=\"wp-image-326\" width=\"177\" height=\"250\" srcset=\"https:\/\/www.quatrinvest.com.br\/site\/wp-content\/uploads\/2020\/04\/cover_terc_jan2020.jpg 353w, https:\/\/www.quatrinvest.com.br\/site\/wp-content\/uploads\/2020\/04\/cover_terc_jan2020-212x300.jpg 212w\" sizes=\"auto, (max-width: 177px) 100vw, 177px\" \/><\/a><figcaption>Pol\u00edtica de Contrata\u00e7\u00e3o de Prestadores de Servi\u00e7os<\/figcaption><\/figure><\/div>\n\n\n\n<div class=\"wp-block-image\"><figure class=\"aligncenter size-large is-resized\"><img loading=\"lazy\" decoding=\"async\" src=\"https:\/\/www.quatrinvest.com.br\/site\/wp-content\/uploads\/2023\/11\/AtvCredPriv-2023.png\" alt=\"\" class=\"wp-image-428\" width=\"178\" height=\"250\" srcset=\"https:\/\/www.quatrinvest.com.br\/site\/wp-content\/uploads\/2023\/11\/AtvCredPriv-2023.png 591w, https:\/\/www.quatrinvest.com.br\/site\/wp-content\/uploads\/2023\/11\/AtvCredPriv-2023-213x300.png 213w\" sizes=\"auto, (max-width: 178px) 100vw, 178px\" \/><figcaption>Pol\u00edtica de An\u00e1lise de Ativos de Cr\u00e9dito Privado<\/figcaption><\/figure><\/div>\n\n\n\n<div class=\"wp-block-image\"><figure class=\"aligncenter size-large is-resized\"><a href=\"https:\/\/www.quatrinvest.com.br\/site\/emissao-ordem\/\"><img loading=\"lazy\" decoding=\"async\" src=\"https:\/\/www.quatrinvest.com.br\/site\/wp-content\/uploads\/2023\/11\/emissao-ordens-2023.png\" alt=\"\" class=\"wp-image-420\" width=\"177\" height=\"250\" srcset=\"https:\/\/www.quatrinvest.com.br\/site\/wp-content\/uploads\/2023\/11\/emissao-ordens-2023.png 592w, https:\/\/www.quatrinvest.com.br\/site\/wp-content\/uploads\/2023\/11\/emissao-ordens-2023-213x300.png 213w\" sizes=\"auto, (max-width: 177px) 100vw, 177px\" \/><\/a><figcaption>Operadores Autorizados para Emiss\u00e3o de Ordem<\/figcaption><\/figure><\/div>\n\n\n\n<ul class=\"wp-block-list\"><li>Relat\u00f3rio Anual de Controle \u2013 Janeiro\/2020 \u2013 CONSULTA DISPON\u00cdVEL NA GESTORA<\/li><li><a href=\"http:\/\/www.quatrinvest.com.br\/site\/docs\/precificacao\/\">Manual de Precifica\u00e7\u00e3o<\/a><\/li><\/ul>\n\n\n\n<p><\/p>\n<\/div>\n<\/div>\n\n\n\n<div class=\"wpcf7 no-js\" id=\"wpcf7-f360-o1\" lang=\"pt-BR\" dir=\"ltr\" data-wpcf7-id=\"360\">\n<div class=\"screen-reader-response\"><p role=\"status\" aria-live=\"polite\" aria-atomic=\"true\"><\/p> <ul><\/ul><\/div>\n<form action=\"\/site\/wp-json\/wp\/v2\/pages\/15#wpcf7-f360-o1\" method=\"post\" class=\"wpcf7-form init\" aria-label=\"Formul\u00e1rios de contato\" novalidate=\"novalidate\" data-status=\"init\">\n<fieldset class=\"hidden-fields-container\"><input type=\"hidden\" name=\"_wpcf7\" value=\"360\" \/><input type=\"hidden\" name=\"_wpcf7_version\" value=\"6.1.5\" \/><input type=\"hidden\" name=\"_wpcf7_locale\" value=\"pt_BR\" \/><input type=\"hidden\" name=\"_wpcf7_unit_tag\" value=\"wpcf7-f360-o1\" \/><input type=\"hidden\" name=\"_wpcf7_container_post\" value=\"0\" \/><input type=\"hidden\" name=\"_wpcf7_posted_data_hash\" value=\"\" \/>\n<\/fieldset>\n<p><label> Seu nome (obrigat\u00f3rio)<br \/>\n<span class=\"wpcf7-form-control-wrap\" data-name=\"your-name\"><input size=\"40\" maxlength=\"400\" class=\"wpcf7-form-control wpcf7-text wpcf7-validates-as-required\" aria-required=\"true\" aria-invalid=\"false\" value=\"\" type=\"text\" name=\"your-name\" \/><\/span> <\/label>\n<\/p>\n<p><label> Seu e-mail (obrigat\u00f3rio)<br \/>\n<span class=\"wpcf7-form-control-wrap\" data-name=\"your-email\"><input size=\"40\" maxlength=\"400\" class=\"wpcf7-form-control wpcf7-email wpcf7-validates-as-required wpcf7-text wpcf7-validates-as-email\" aria-required=\"true\" aria-invalid=\"false\" value=\"\" type=\"email\" name=\"your-email\" \/><\/span> <\/label>\n<\/p>\n<p><label> Quais relat\u00f3rios deseja visualizar? (obrigat\u00f3rio)<br \/>\n<span class=\"wpcf7-form-control-wrap\" data-name=\"relatorio\"><select class=\"wpcf7-form-control wpcf7-select wpcf7-validates-as-required\" aria-required=\"true\" aria-invalid=\"false\" multiple=\"multiple\" name=\"relatorio[]\"><option value=\"C\u00f3digo de Conduta, \u00c9tica e Confidencialidade\">C\u00f3digo de Conduta, \u00c9tica e Confidencialidade<\/option><option value=\"Formul\u00e1rio de Refer\u00eancia \u2013 PJ\">Formul\u00e1rio de Refer\u00eancia \u2013 PJ<\/option><option value=\"Manual de Compliance e Controles\">Manual de Compliance e Controles<\/option><option value=\"Pol\u00edtica de Exerc\u00edcio de Voto\">Pol\u00edtica de Exerc\u00edcio de Voto<\/option><option value=\"Pol\u00edtica de Gest\u00e3o de Riscos\">Pol\u00edtica de Gest\u00e3o de Riscos<\/option><option value=\"Rateio de Ordens\">Rateio de Ordens<\/option><option value=\"Pol\u00edtica de Investimentos Pessoais\">Pol\u00edtica de Investimentos Pessoais<\/option><option value=\"Pol\u00edtica de Contrata\u00e7\u00e3o de Prestadores de Servi\u00e7os\">Pol\u00edtica de Contrata\u00e7\u00e3o de Prestadores de Servi\u00e7os<\/option><option value=\"Pol\u00edtica de An\u00e1lise de Ativos Imobili\u00e1rios\">Pol\u00edtica de An\u00e1lise de Ativos Imobili\u00e1rios<\/option><option value=\"Pol\u00edtica de An\u00e1lise de Ativos de Cr\u00e9dito Privado\">Pol\u00edtica de An\u00e1lise de Ativos de Cr\u00e9dito Privado<\/option><option value=\"Manual de Combate \u00e0 Lavagem de Dinheiro, Financiamento ao Terrorismo e Pol\u00edtica Anticorrup\u00e7\u00e3o\">Manual de Combate \u00e0 Lavagem de Dinheiro, Financiamento ao Terrorismo e Pol\u00edtica Anticorrup\u00e7\u00e3o<\/option><option value=\"Manual de Precifica\u00e7\u00e3o\">Manual de Precifica\u00e7\u00e3o<\/option><\/select><\/span> <\/label>\n<\/p>\n<p><input class=\"wpcf7-form-control wpcf7-submit has-spinner\" type=\"submit\" value=\"Enviar\" \/>\n<\/p><div class=\"wpcf7-response-output\" aria-hidden=\"true\"><\/div>\n<\/form>\n<\/div>\n\n","protected":false},"excerpt":{"rendered":"<p>Em atendimento \u00e0 legisla\u00e7\u00e3o vigente, a Quatrinvest disponibiliza documentos para consulta.<\/p>\n","protected":false},"author":1,"featured_media":0,"parent":0,"menu_order":0,"comment_status":"closed","ping_status":"closed","template":"","meta":{"footnotes":""},"class_list":["post-15","page","type-page","status-publish","hentry"],"_links":{"self":[{"href":"https:\/\/www.quatrinvest.com.br\/site\/wp-json\/wp\/v2\/pages\/15","targetHints":{"allow":["GET"]}}],"collection":[{"href":"https:\/\/www.quatrinvest.com.br\/site\/wp-json\/wp\/v2\/pages"}],"about":[{"href":"https:\/\/www.quatrinvest.com.br\/site\/wp-json\/wp\/v2\/types\/page"}],"author":[{"embeddable":true,"href":"https:\/\/www.quatrinvest.com.br\/site\/wp-json\/wp\/v2\/users\/1"}],"replies":[{"embeddable":true,"href":"https:\/\/www.quatrinvest.com.br\/site\/wp-json\/wp\/v2\/comments?post=15"}],"version-history":[{"count":44,"href":"https:\/\/www.quatrinvest.com.br\/site\/wp-json\/wp\/v2\/pages\/15\/revisions"}],"predecessor-version":[{"id":450,"href":"https:\/\/www.quatrinvest.com.br\/site\/wp-json\/wp\/v2\/pages\/15\/revisions\/450"}],"wp:attachment":[{"href":"https:\/\/www.quatrinvest.com.br\/site\/wp-json\/wp\/v2\/media?parent=15"}],"curies":[{"name":"wp","href":"https:\/\/api.w.org\/{rel}","templated":true}]}}