{"id":253,"date":"2020-04-05T15:07:38","date_gmt":"2020-04-05T18:07:38","guid":{"rendered":"http:\/\/www.quatrinvest.com.br\/site\/?page_id=253"},"modified":"2025-05-09T19:06:22","modified_gmt":"2025-05-09T22:06:22","slug":"equipe","status":"publish","type":"page","link":"https:\/\/www.quatrinvest.com.br\/site\/equipe\/","title":{"rendered":"Equipe"},"content":{"rendered":"\n<p>Nosso quadro de associados e colaboradores conta com profissionais capacitados, certificados e incentivados a buscar aprimoramento e atualiza\u00e7\u00e3o.<\/p>\n\n\n\n<!--more-->\n\n\n\n<hr class=\"wp-block-separator\"\/>\n\n\n\n<h2 class=\"wp-block-heading\"><strong>Daniel B. Leme, CFA \u2013 S\u00f3cio Diretor<\/strong><\/h2>\n\n\n\n<h4 class=\"wp-block-heading\"><strong>Gestor de Investimentos<\/strong><\/h4>\n\n\n\n<p>Iniciou a carreira em 2000 como Trainee no Banco Safra migrando para a \u00e1rea de Risco de Mercado \u2013 Tesouraria. Trabalhou em Nova Iorque no Safra Asset Management em pesquisa e aloca\u00e7\u00e3o em Hedge Funds com \u00eanfase em estrat\u00e9gias Macro\/Emerging Markets.<br>Em 2007, fundou a Quatrinvest onde, desde ent\u00e3o atua como Gestor cadastrado pela CVM.<br>Graduado em Engenharia Civil pela POLI\/USP (1999) e possui MBA pela NYU Stern School of Business com \u00eanfase em Economia\/Finan\u00e7as e Instrumentos Financeiros (2005).<\/p>\n\n\n\n<hr class=\"wp-block-separator\"\/>\n\n\n\n<h2 class=\"wp-block-heading\"><strong>Edgard Mello \u2013 Associado<\/strong><\/h2>\n\n\n\n<h4 class=\"wp-block-heading\"><strong>Diretor de Risco e Compliance<\/strong><\/h4>\n\n\n\n<p>Com mais de 35 anos de experi\u00eancia no mercado financeiro, iniciou carreira em 1987 como Auditor na PwC. <br>Ap\u00f3s 5 anos, entrou no Banco Garantia na \u00e1rea de controladoria e contabilidade. Ingressou no Grupo Cargill em 1996, atuando em Controladoria e Administrativo da \u00e1rea Financeira participando da implanta\u00e7\u00e3o do Banco Cargill. Posteriormente, em 2004 foi Controller e Gerente de Relacionamento da Black River Asset Management (gestora global de fundos da Cargill Agr\u00edcola).<br>Em outubro de 2008 entrou na Quatrinvest atuando desde ent\u00e3o na \u00e1rea de Controle, Administrativa, Risco e Compliance.<br>Graduado em Administra\u00e7\u00e3o de Empresas pela FAAP, tem MBA em finan\u00e7as pela FGV.<\/p>\n\n\n\n<hr class=\"wp-block-separator is-style-default\"\/>\n\n\n\n<h2 class=\"wp-block-heading\"><strong>Mateus Serr\u00e3o, CFA \u2013 Associado<\/strong><\/h2>\n\n\n\n<h4 class=\"wp-block-heading\"><strong>Gerente S\u00eanior \u2013 An\u00e1lise de Investimentos<\/strong><\/h4>\n\n\n\n<p>Iniciou carreira no programa de est\u00e1gio no Back Office do Banco Santander Asset Management em 2007. <br>No ano seguinte se transferiu para a Finenge para atuar como Consultor participando de projetos de capta\u00e7\u00e3o de recursos, an\u00e1lise de projetos e avalia\u00e7\u00e3o de empresas (M&amp;A). <br>Juntou-se \u00e0 Quatrinvest em junho de 2008, tendo atuado nas \u00e1reas de An\u00e1lise, Gest\u00e3o, Controles e Trades.<br>Formou-se em 2007 em Administra\u00e7\u00e3o de Empresas pela FGV e \u00e9 p\u00f3s-graduado em An\u00e1lise de Big Data pela Funda\u00e7\u00e3o Instituto de Administra\u00e7\u00e3o (FIA).<\/p>\n\n\n\n<hr class=\"wp-block-separator is-style-default\"\/>\n\n\n\n<h2 class=\"wp-block-heading\"><strong>Mike Tartuce Leal, CFA \u2013 Associado<\/strong><\/h2>\n\n\n\n<h4 class=\"wp-block-heading\"><strong>Gerente \u2013 An\u00e1lise de Investimentos (Equity Research)<\/strong><\/h4>\n\n\n\n<p>Atua no mercado financeiro desde 2010, focado em an\u00e1lise fundamentalista de a\u00e7\u00f5es, iniciando a carreira na plataforma Comdinheiro. Entre 2012 e 2013, trabalhou no Bank of America Merrill Lynch, no time de Equity Research, cobrindo Bancos e Servi\u00e7os Financeiros da Am\u00e9rica Latina. Em 2014, ingressou no time de Equity Research da Quatrinvest e cobre os setores de Bancos, Servi\u00e7os Financeiros, Sa\u00fade e Telecom. <br>Acompanha os investimentos da gestora em a\u00e7\u00f5es internacionais e a aloca\u00e7\u00e3o em gestores de Private Equity.<br>Mike \u00e9 graduado em Administra\u00e7\u00e3o de Empresas pela FEA-USP.<\/p>\n\n\n\n<hr class=\"wp-block-separator\"\/>\n\n\n\n<h2 class=\"wp-block-heading\"><strong>Filipe Alfer, CFA \u2013 Associado<\/strong><\/h2>\n\n\n\n<h4 class=\"wp-block-heading\"><strong>Analista S\u00eanior \u2013 An\u00e1lise de Investimentos (Equity Research)<\/strong><\/h4>\n\n\n\n<p>Iniciou sua carreira em 2015 como estagi\u00e1rio do time de Oil &amp; Gas no Bank of America Merrill Lynch, onde ficou por aproximadamente um ano e meio cobrindo empresas da America Latina. Em outubro de 2016, ingressou no time de equity Research da Quatrinvest, com foco nos setores de distribui\u00e7\u00e3o de combust\u00edveis, el\u00e9trico, real estate e bens de capital.<br>Formado em administra\u00e7\u00e3o de empresas pela FGV, com um semestre na Universidad Complutense de Madrid. <br>Tem participa\u00e7\u00e3o no curso de Value Investing na Universidade de Columbia, nos EUA.<\/p>\n\n\n\n<hr class=\"wp-block-separator\"\/>\n\n\n\n<h2 class=\"wp-block-heading\"><strong>Pedro Ceneme, CFA \u2013 Associado<\/strong><\/h2>\n\n\n\n<h4 class=\"wp-block-heading\"><strong>Analista S\u00eanior \u2013 An\u00e1lise de Investimentos (Equity Research)<\/strong><\/h4>\n\n\n\n<p>Iniciou sua carreira em 2013 como estagi\u00e1rio do time de economia e renda fixa no Bank of America Merrill Lynch. Ingressou na Bain &amp; Company em 2017 na \u00e1rea de pesquisa, se tornando respons\u00e1vel pela pr\u00e1tica de servi\u00e7os financeiros. Ingressou no time de Equity Research da Quatrinvest em fevereiro de 2019, cobrindo os setores de bens de consumo e varejo.<br>Graduado em Ci\u00eancias Econ\u00f4micas pela FEA-USP.<\/p>\n","protected":false},"excerpt":{"rendered":"<p>Nosso quadro de associados e colaboradores conta com profissionais capacitados, certificados e incentivados a buscar aprimoramento e atualiza\u00e7\u00e3o.<\/p>\n","protected":false},"author":1,"featured_media":0,"parent":0,"menu_order":0,"comment_status":"closed","ping_status":"closed","template":"","meta":{"footnotes":""},"class_list":["post-253","page","type-page","status-publish","hentry"],"_links":{"self":[{"href":"https:\/\/www.quatrinvest.com.br\/site\/wp-json\/wp\/v2\/pages\/253","targetHints":{"allow":["GET"]}}],"collection":[{"href":"https:\/\/www.quatrinvest.com.br\/site\/wp-json\/wp\/v2\/pages"}],"about":[{"href":"https:\/\/www.quatrinvest.com.br\/site\/wp-json\/wp\/v2\/types\/page"}],"author":[{"embeddable":true,"href":"https:\/\/www.quatrinvest.com.br\/site\/wp-json\/wp\/v2\/users\/1"}],"replies":[{"embeddable":true,"href":"https:\/\/www.quatrinvest.com.br\/site\/wp-json\/wp\/v2\/comments?post=253"}],"version-history":[{"count":9,"href":"https:\/\/www.quatrinvest.com.br\/site\/wp-json\/wp\/v2\/pages\/253\/revisions"}],"predecessor-version":[{"id":394,"href":"https:\/\/www.quatrinvest.com.br\/site\/wp-json\/wp\/v2\/pages\/253\/revisions\/394"}],"wp:attachment":[{"href":"https:\/\/www.quatrinvest.com.br\/site\/wp-json\/wp\/v2\/media?parent=253"}],"curies":[{"name":"wp","href":"https:\/\/api.w.org\/{rel}","templated":true}]}}