{"id":261,"date":"2020-04-05T15:13:11","date_gmt":"2020-04-05T18:13:11","guid":{"rendered":"http:\/\/www.quatrinvest.com.br\/site\/?page_id=261"},"modified":"2023-10-25T16:10:45","modified_gmt":"2023-10-25T18:10:45","slug":"home-2","status":"publish","type":"page","link":"https:\/\/www.quatrinvest.com.br\/site\/","title":{"rendered":""},"content":{"rendered":"\n<div class=\"wp-block-columns has-2-columns is-layout-flex wp-container-core-columns-is-layout-9d6595d7 wp-block-columns-is-layout-flex\">\n<div class=\"wp-block-column is-layout-flow wp-block-column-is-layout-flow\">\n<h4 class=\"wp-block-heading\" id=\"mce_2\">Disclaimer:<\/h4>\n\n\n\n<p class=\"has-small-font-size\">As informa\u00e7\u00f5es contidas neste website s\u00e3o de car\u00e1ter exclusivamente informativo e n\u00e3o constituem oferta de venda de fundos ou tampouco indica\u00e7\u00e3o ou recomenda\u00e7\u00e3o para o uso dessas informa\u00e7\u00f5es em aplica\u00e7\u00f5es ou investimentos financeiros.<br>Fundos de Investimento n\u00e3o contam com garantia do Administrador do fundo, do Gestor da carteira, de qualquer mecanismo de seguro ou, ainda, do Fundo Garantidor de Cr\u00e9ditos \u2013 FGC.<br>Ao investidor \u00e9 recomendada a leitura cuidadosa do regulamento do fundo de investimento ao aplicar os seus recursos<br><\/p>\n<\/div>\n\n\n\n<div class=\"wp-block-column is-layout-flow wp-block-column-is-layout-flow\">\n<p>Rua dos Pinheiros, 498 \u2013 cjto. 121<br> Pinheiros \u2013 CEP 05422 000<br>S\u00e3o Paulo \u2013 SP \u2013 Brasil<br> Tel.: +55 11 3021 9017<br><a href=\"mailto:contato@quatrinvest.com.br\">contato@quatrinvest.com.br<\/a><\/p>\n\n\n\n<div class=\"wp-block-image\"><figure class=\"aligncenter\"><img loading=\"lazy\" decoding=\"async\" width=\"409\" height=\"80\" src=\"http:\/\/www.quatrinvest.com.br\/site\/wp-content\/uploads\/2020\/04\/cvm_anbima.jpg\" alt=\"\" class=\"wp-image-265\" srcset=\"https:\/\/www.quatrinvest.com.br\/site\/wp-content\/uploads\/2020\/04\/cvm_anbima.jpg 409w, https:\/\/www.quatrinvest.com.br\/site\/wp-content\/uploads\/2020\/04\/cvm_anbima-300x59.jpg 300w\" sizes=\"auto, (max-width: 409px) 100vw, 409px\" \/><\/figure><\/div>\n\n\n\n<p class=\"has-small-font-size\">\u00daltima atualiza\u00e7\u00e3o: 5.abril.2020<\/p>\n<\/div>\n<\/div>\n","protected":false},"excerpt":{"rendered":"<p>Disclaimer: As informa\u00e7\u00f5es contidas neste website s\u00e3o de car\u00e1ter exclusivamente informativo e n\u00e3o constituem oferta de venda de fundos ou tampouco indica\u00e7\u00e3o ou recomenda\u00e7\u00e3o para o uso dessas informa\u00e7\u00f5es em aplica\u00e7\u00f5es ou investimentos financeiros.Fundos de Investimento n\u00e3o contam com garantia do Administrador do fundo, do Gestor da carteira, de qualquer mecanismo de seguro ou, ainda, <a class=\"more-link\" href=\"https:\/\/www.quatrinvest.com.br\/site\/\">\u2026 Continue lendo\u2026<\/a><\/p>\n","protected":false},"author":1,"featured_media":280,"parent":0,"menu_order":0,"comment_status":"closed","ping_status":"closed","template":"","meta":{"footnotes":""},"class_list":["post-261","page","type-page","status-publish","has-post-thumbnail","hentry"],"_links":{"self":[{"href":"https:\/\/www.quatrinvest.com.br\/site\/wp-json\/wp\/v2\/pages\/261","targetHints":{"allow":["GET"]}}],"collection":[{"href":"https:\/\/www.quatrinvest.com.br\/site\/wp-json\/wp\/v2\/pages"}],"about":[{"href":"https:\/\/www.quatrinvest.com.br\/site\/wp-json\/wp\/v2\/types\/page"}],"author":[{"embeddable":true,"href":"https:\/\/www.quatrinvest.com.br\/site\/wp-json\/wp\/v2\/users\/1"}],"replies":[{"embeddable":true,"href":"https:\/\/www.quatrinvest.com.br\/site\/wp-json\/wp\/v2\/comments?post=261"}],"version-history":[{"count":13,"href":"https:\/\/www.quatrinvest.com.br\/site\/wp-json\/wp\/v2\/pages\/261\/revisions"}],"predecessor-version":[{"id":397,"href":"https:\/\/www.quatrinvest.com.br\/site\/wp-json\/wp\/v2\/pages\/261\/revisions\/397"}],"wp:featuredmedia":[{"embeddable":true,"href":"https:\/\/www.quatrinvest.com.br\/site\/wp-json\/wp\/v2\/media\/280"}],"wp:attachment":[{"href":"https:\/\/www.quatrinvest.com.br\/site\/wp-json\/wp\/v2\/media?parent=261"}],"curies":[{"name":"wp","href":"https:\/\/api.w.org\/{rel}","templated":true}]}}