{"id":346,"date":"2020-10-10T16:01:34","date_gmt":"2020-10-10T19:01:34","guid":{"rendered":"http:\/\/www.quatrinvest.com.br\/site\/?page_id=346"},"modified":"2020-10-12T13:31:58","modified_gmt":"2020-10-12T16:31:58","slug":"anticorrupcao","status":"publish","type":"page","link":"https:\/\/www.quatrinvest.com.br\/site\/docs\/anticorrupcao\/","title":{"rendered":"Manual de Combate \u00e0 \u2028Lavagem de Dinheiro, \u2028Financiamento ao Terrorismo \u2028e Pol\u00edtica Anticorrup\u00e7\u00e3o"},"content":{"rendered":"","protected":true},"excerpt":{"rendered":"","protected":true},"author":1,"featured_media":0,"parent":15,"menu_order":0,"comment_status":"closed","ping_status":"closed","template":"","meta":{"footnotes":""},"class_list":["post-346","page","type-page","status-publish","post-password-required","hentry"],"_links":{"self":[{"href":"https:\/\/www.quatrinvest.com.br\/site\/wp-json\/wp\/v2\/pages\/346","targetHints":{"allow":["GET"]}}],"collection":[{"href":"https:\/\/www.quatrinvest.com.br\/site\/wp-json\/wp\/v2\/pages"}],"about":[{"href":"https:\/\/www.quatrinvest.com.br\/site\/wp-json\/wp\/v2\/types\/page"}],"author":[{"embeddable":true,"href":"https:\/\/www.quatrinvest.com.br\/site\/wp-json\/wp\/v2\/users\/1"}],"replies":[{"embeddable":true,"href":"https:\/\/www.quatrinvest.com.br\/site\/wp-json\/wp\/v2\/comments?post=346"}],"version-history":[{"count":3,"href":"https:\/\/www.quatrinvest.com.br\/site\/wp-json\/wp\/v2\/pages\/346\/revisions"}],"predecessor-version":[{"id":354,"href":"https:\/\/www.quatrinvest.com.br\/site\/wp-json\/wp\/v2\/pages\/346\/revisions\/354"}],"up":[{"embeddable":true,"href":"https:\/\/www.quatrinvest.com.br\/site\/wp-json\/wp\/v2\/pages\/15"}],"wp:attachment":[{"href":"https:\/\/www.quatrinvest.com.br\/site\/wp-json\/wp\/v2\/media?parent=346"}],"curies":[{"name":"wp","href":"https:\/\/api.w.org\/{rel}","templated":true}]}}