{"id":379,"date":"2021-07-29T21:34:12","date_gmt":"2021-07-30T00:34:12","guid":{"rendered":"https:\/\/www.quatrinvest.com.br\/site\/?page_id=379"},"modified":"2021-07-30T11:16:03","modified_gmt":"2021-07-30T14:16:03","slug":"politica-de-privacidade","status":"publish","type":"page","link":"https:\/\/www.quatrinvest.com.br\/site\/politica-de-privacidade\/","title":{"rendered":"Pol\u00edtica de Privacidade"},"content":{"rendered":"\n<p>Essa Pol\u00edtica de Privacidade Online foi desenvolvida para reafirmar nosso compromisso com a seguran\u00e7a e a confidencialidade dos dados pessoais dos usu\u00e1rios durante o acesso ao site da Quatrinvest Administradora de Recursos, observando os par\u00e2metros estabelecidos pela Lei n. 13.709, de 14 de agosto de 2018 (Lei Geral de Prote\u00e7\u00e3o de Dados \u2013 \u201cLGPD\u201d) no que concerne ao tratamento destes dados pessoais.<\/p>\n\n\n\n<p>Consideramos importante ressaltar que n\u00e3o repassaremos qualquer dado pessoal a terceiros sem o seu consentimento, exceto nas hip\u00f3teses permitidas em lei. Independente da motiva\u00e7\u00e3o do uso ou transfer\u00eancia de dados pessoais, a Quatrinvest Administradora de Recursos adotar\u00e1 as provid\u00eancias adequadas para garantir que tais dados sejam utilizados apenas nos limites do que necess\u00e1rio.<\/p>\n\n\n\n<p>Todas as informa\u00e7\u00f5es pessoais registradas automaticamente quando do acesso a este site, bem como as informa\u00e7\u00f5es enviadas no momento do cadastro como cliente, ser\u00e3o utilizadas apenas para as finalidades para as quais foram prestadas e tamb\u00e9m para que possamos ajud\u00e1-lo a transacionar o seu neg\u00f3cio ou responder suas perguntas.<\/p>\n\n\n\n<p>Poderemos obter, ainda, dados atrav\u00e9s da instala\u00e7\u00e3o dos identificadores conhecidos como \u201ccookies\u201d. Estes identificadores servem para guardar informa\u00e7\u00f5es das configura\u00e7\u00f5es que o usu\u00e1rio fez neste site, assim como receber e armazenar automaticamente informa\u00e7\u00f5es sobre as atividades advindas do navegador, como endere\u00e7o IP, p\u00e1ginas visitadas e tempo de perman\u00eancia. Se n\u00e3o quiser receber cookies, voc\u00ea poder\u00e1 configurar o seu navegador de forma a rejeit\u00e1-los ou a alert\u00e1-lo sempre que um cookie estiver sendo colocado no seu computador.<\/p>\n\n\n\n<p>Poderemos utilizar ferramentas que realizam a grava\u00e7\u00e3o da navega\u00e7\u00e3o de seus usu\u00e1rios em seu site, para fins de melhorias na navegabilidade e a pronta resposta a incidentes de conex\u00e3o, sendo certo que a referida grava\u00e7\u00e3o n\u00e3o permitir\u00e1 o acesso dos dados pessoais ou sens\u00edveis dos seus usu\u00e1rios, nos termos da LGPD.<\/p>\n\n\n\n<p>O acesso \u00e0s informa\u00e7\u00f5es coletadas \u00e9 restrito aos funcion\u00e1rios e pessoas autorizadas para este fim. Empregados e\/ou pessoas autorizadas que se utilizarem indevidamente dessas informa\u00e7\u00f5es, ferindo esta Pol\u00edtica de Privacidade Online, estar\u00e3o sujeitos \u00e0s penalidades previstas em nosso processo disciplinar, sem exclus\u00e3o das demais medidas legais cab\u00edveis.<\/p>\n\n\n\n<p>O usu\u00e1rio garante a veracidade e exatid\u00e3o dos dados pessoais que fornecer neste site, assumindo a correspondente responsabilidade caso n\u00e3o sejam exatos. A Quatrinvest Administradora de Recursos n\u00e3o assume qualquer responsabilidade em caso de inexatid\u00e3o dos dados pessoais introduzidos neste site.<\/p>\n\n\n\n<p>Esta Pol\u00edtica de Privacidade Online pode ser alterada a qualquer momento, sem aviso pr\u00e9vio. Caso n\u00e3o concorde com os termos aqui descritos, por favor, n\u00e3o avance para as demais p\u00e1ginas.<\/p>\n\n\n\n<p>Caso ainda tenha d\u00favida sobre as nossas normas de seguran\u00e7a, pedimos a gentileza de entrar em contato pelo telefone +55 11 3069-9044 ou email <a href=\"mailto:edgard@quatrinvest.com.br\">&nbsp;contato @quatrinvest.com.br<\/a>.<\/p>\n\n\n\n<p>Risco e Compliance<br><\/p>\n\n\n\n<p>\u00daltima atualiza\u00e7\u00e3o: julho de 2021.<\/p>\n","protected":false},"excerpt":{"rendered":"<p>Essa Pol\u00edtica de Privacidade Online foi desenvolvida para reafirmar nosso compromisso com a seguran\u00e7a e a confidencialidade dos dados pessoais dos usu\u00e1rios durante o acesso ao site da Quatrinvest Administradora de Recursos, observando os par\u00e2metros estabelecidos pela Lei n. 13.709, de 14 de agosto de 2018 (Lei Geral de Prote\u00e7\u00e3o de Dados \u2013 \u201cLGPD\u201d) no <a class=\"more-link\" href=\"https:\/\/www.quatrinvest.com.br\/site\/politica-de-privacidade\/\">\u2026 Continue lendo\u2026<\/a><\/p>\n","protected":false},"author":1,"featured_media":0,"parent":0,"menu_order":0,"comment_status":"closed","ping_status":"closed","template":"","meta":{"footnotes":""},"class_list":["post-379","page","type-page","status-publish","hentry"],"_links":{"self":[{"href":"https:\/\/www.quatrinvest.com.br\/site\/wp-json\/wp\/v2\/pages\/379","targetHints":{"allow":["GET"]}}],"collection":[{"href":"https:\/\/www.quatrinvest.com.br\/site\/wp-json\/wp\/v2\/pages"}],"about":[{"href":"https:\/\/www.quatrinvest.com.br\/site\/wp-json\/wp\/v2\/types\/page"}],"author":[{"embeddable":true,"href":"https:\/\/www.quatrinvest.com.br\/site\/wp-json\/wp\/v2\/users\/1"}],"replies":[{"embeddable":true,"href":"https:\/\/www.quatrinvest.com.br\/site\/wp-json\/wp\/v2\/comments?post=379"}],"version-history":[{"count":3,"href":"https:\/\/www.quatrinvest.com.br\/site\/wp-json\/wp\/v2\/pages\/379\/revisions"}],"predecessor-version":[{"id":385,"href":"https:\/\/www.quatrinvest.com.br\/site\/wp-json\/wp\/v2\/pages\/379\/revisions\/385"}],"wp:attachment":[{"href":"https:\/\/www.quatrinvest.com.br\/site\/wp-json\/wp\/v2\/media?parent=379"}],"curies":[{"name":"wp","href":"https:\/\/api.w.org\/{rel}","templated":true}]}}